{"id":642,"date":"2019-02-10T11:56:59","date_gmt":"2019-02-10T11:56:59","guid":{"rendered":"https:\/\/lichtplanung-plus.de\/?page_id=642"},"modified":"2019-02-10T11:56:59","modified_gmt":"2019-02-10T11:56:59","slug":"konzept-nachtaktiv","status":"publish","type":"page","link":"https:\/\/lichtplanung-plus.de\/?page_id=642","title":{"rendered":"Konzept \u201eNachtAktiv\u201c"},"content":{"rendered":"<h1><strong>Konzept \u201eNachtAktiv\u201c<\/strong><\/h1>\n<p>Das Projekt \u201eNachtAktiv\u201c ist f\u00fcr uns die\u00a0nat\u00fcrliche Weiterentwicklung hin zu einer besseren Lichtgestaltung des \u00f6ffentlichen Raumes im Alltag. Zur Ausf\u00fchrlichen Konzeptidee als pdf gelangen Sie hier auf <a href=\"https:\/\/lichtplanung-plus.de\/wp-content\/uploads\/2018\/07\/26-01-2018-Vision-kultiviertes-Nachtbild.pdf\">deutsch<\/a>\u00a0oder\u00a0<a href=\"https:\/\/lichtplanung-plus.de\/wp-content\/uploads\/2018\/07\/26-01-2018-Vision-of-a-refined-and-cultivated-night-image.pdf\">englisch<\/a>.<\/p>\n<h2><strong>Ziele in Kurzform:\u00a0<\/strong><\/h2>\n<p>-die Ist-Situation erfassen<\/p>\n<p>-Minimierung der Lichtverschmutzung und des Energieverbrauches<\/p>\n<p>-die Bev\u00f6lkerung und die Wirtschaft, den Handel, die Gastronomie zum Co-Designer erheben, ihre \u00c4ngste, W\u00fcnsche und Potenziale mit einbeziehen und das Lichtdesign den W\u00fcnschen anpassen<\/p>\n<p>-die biologischen Erkenntnisse f\u00fcr den Menschen und die Natur ber\u00fccksichtigen<\/p>\n<p>-Smart City durch intelligente Lichtsteuerungen nach Nutzungsintensit\u00e4t, Tageszeit, Bewegung, Witterung,\u2026.<\/p>\n<p>-die ver\u00e4nderten Bedingungen durch die Entwicklung und baldige Einf\u00fchrung des autonomen Fahrens integrieren<\/p>\n<p>-Nutzung des \u00f6ffentlichen Raumes, Pl\u00e4tze,..) auch Nachts durch gewolltes Klientel, durch Schaffen eines Wohlf\u00fchlklimas<\/p>\n<p>-haptisches und atmosph\u00e4risches Sehen erm\u00f6glichen<\/p>\n<p>-Umdenken in der Gestaltung von Lichtkonzepten f\u00fcr Kommunen<\/p>\n<p>-statt nur technische Sicherheitsanforderungen den Focus auf den Nutzer legen<\/p>\n<h2><strong>Bedeutung von \u201eNachtaktiv\u201c f\u00fcr die Gemeinschaft: <\/strong><\/h2>\n<p><strong>\u00a0<\/strong>\u201eNachtAktiv\u201c will dazu beitragen, die Abwanderung aus Regionen zu stoppen und Zuwanderung anzuregen.\u00a0Unsere Heimat wird durch ein kultiviertes Nachtstadtbild lebens- und liebenswerter.<\/p>\n<p>Das subjektive Sicherheitsgef\u00fchl in der Nacht, das vor allem bei \u00e4lteren Menschen geschw\u00e4cht ist, wird gest\u00e4rkt, die tats\u00e4chliche Sicherheit erh\u00f6ht durch Verhinderung von Kriminalit\u00e4t und Unf\u00e4llen. Der Tourismus in der Region profitiert, da Kulturdenkmale auch nachts zur Geltung kommen und ein einladendes Stadtbild pr\u00e4gen.<\/p>\n<p>Lichtverschmutzung ist ein globales Umweltproblem: Durch unsachgem\u00e4\u00dfen Einsatz g\u00fcnstig zu habener LED-Leuchtmittel geraten der Bio-Rhythmus von Mensch und Tier durcheinander, verlieren Tiere nachts die Orientierung und sind immer weniger Sterne am Nachthimmel zu erkennen.<\/p>\n<p>Jeder neue Lichtmasterplan sollte und kann hier entgegenwirken!<\/p>\n<p>UNESCO, IAU (Internationale Astronomische Union) und CIE (Internationale Beleuchtungskommission) fordern schon lange den Einsatz intelligenter Beleuchtung.<\/p>\n<p>Je nach Ausgangssituation sind die\u00a0Auswirkungen von \u201eNachtAktiv\u201c\u00a0unterschiedlich. Wir rechnen dank des Einsatzes von LEDs und nutzungsorientierter Steuerung mit\u00a0Energieeinsparungen von 30-50%, einer damit verbundener Reduktion des CO2-Aussto\u00dfes und durch gerichtete und zeitoptimierte Beleuchtung mit einem punktuellen R\u00fcckgang der Lichtverschmutzung von 80 %.<\/p>\n<p>Das durch \u201eNachtAktiv\u201c\u00a0gest\u00e4rkte Gef\u00fchl der subjektiven und objektiven Sicherheit, das Wohlf\u00fchlen beim (wieder) Inanspruchnehmen des n\u00e4chtlichen \u00f6ffentlichen Raums, der damit verbundene Stolz auf die eigene Heimat ist nicht mit Zahlen zu fassen.<\/p>\n<p>\u201eNachtAktiv\u201c f\u00fchrt vom rein Technischemlicht im \u00f6ffentlichen Raum zum Wohlf\u00fchllicht, indem es bestehende Ans\u00e4tze kombiniert: Unter Einbindung der Bev\u00f6lkerung (Co-Design) wird eine nutzerabh\u00e4ngige Beleuchtungssteuerung entwickelt, die alle Aspekte zukunftsweisender und umweltgerechter Lichttechnik integriert.<\/p>\n<p>Wichtigen Themen werden bei \u201eNachtAktiv\u201c geb\u00fcndelt: Licht im Spannungsfeld von Technik &amp; Mensch, Licht und Gesundheit, Grundlagen hochwertiger Architekturbeleuchtung, Probleme der Lichtverschmutzung, kultiviertes Nachtstadtbild.<\/p>\n<p>\u201eNachtAktiv\u201c f\u00fchrt zu einer nutzerorientierten Beleuchtungssteuerung, gerichtetes Licht gegen Lichtverschmutzung, Wegebeleuchtung \u00fcber Fassaden, Vermittlung von Sicherheitsempfinden und Wohlf\u00fchlen in einem auch nachts gerne in Anspruch genommenen \u00f6ffentlichen Raum.<\/p>\n<h2><strong>Umsetzung Kurzbeschreibung:<\/strong><\/h2>\n<p><strong>\u00a0<\/strong>Erfassen der Ist-Situation, der vorhandenen Beleuchtung, sowie Frequentierung des Areals in der Nacht. Phase des Co-Designs: Anwohner und Bewohner, Gastronomie, Handel, Wirtschaft und Verkehr werden mit ihren W\u00fcnschen, Empfindungen und Vorschl\u00e4gen einbezogen. Die Antworten auf Fragen wie &#8222;Wie m\u00fcsste der Platz atmosph\u00e4risch gestaltet sein, damit Sie ihn auch bei Dunkelheit nutzen?&#8220; werden ausgewertet und flie\u00dfen in das Konzept von &#8222;NachtAktiv&#8220; ein.<\/p>\n<p>Wir erarbeiten einen Lichtmasterplan\/ Gestaltungssatzung und betreiben in einer Testphase dies als tempor\u00e4re Installation.<\/p>\n","protected":false},"excerpt":{"rendered":"<p>Konzept \u201eNachtAktiv\u201c Das Projekt \u201eNachtAktiv\u201c ist f\u00fcr uns die\u00a0nat\u00fcrliche Weiterentwicklung hin zu einer besseren Lichtgestaltung des \u00f6ffentlichen Raumes im Alltag. Zur Ausf\u00fchrlichen Konzeptidee als pdf gelangen Sie hier auf deutsch\u00a0oder\u00a0englisch. Ziele in Kurzform:\u00a0 -die Ist-Situation erfassen -Minimierung der Lichtverschmutzung und des Energieverbrauches -die Bev\u00f6lkerung und die Wirtschaft, den Handel, die Gastronomie zum Co-Designer erheben, ihre &hellip; <\/p>\n<p class=\"link-more\"><a href=\"https:\/\/lichtplanung-plus.de\/?page_id=642\" class=\"more-link\"><span class=\"screen-reader-text\">\u201eKonzept \u201eNachtAktiv\u201c\u201c<\/span> weiterlesen<\/a><\/p>\n","protected":false},"author":1,"featured_media":0,"parent":0,"menu_order":0,"comment_status":"open","ping_status":"open","template":"","meta":{"footnotes":""},"class_list":["post-642","page","type-page","status-publish","hentry"],"_links":{"self":[{"href":"https:\/\/lichtplanung-plus.de\/index.php?rest_route=\/wp\/v2\/pages\/642","targetHints":{"allow":["GET"]}}],"collection":[{"href":"https:\/\/lichtplanung-plus.de\/index.php?rest_route=\/wp\/v2\/pages"}],"about":[{"href":"https:\/\/lichtplanung-plus.de\/index.php?rest_route=\/wp\/v2\/types\/page"}],"author":[{"embeddable":true,"href":"https:\/\/lichtplanung-plus.de\/index.php?rest_route=\/wp\/v2\/users\/1"}],"replies":[{"embeddable":true,"href":"https:\/\/lichtplanung-plus.de\/index.php?rest_route=%2Fwp%2Fv2%2Fcomments&post=642"}],"version-history":[{"count":1,"href":"https:\/\/lichtplanung-plus.de\/index.php?rest_route=\/wp\/v2\/pages\/642\/revisions"}],"predecessor-version":[{"id":643,"href":"https:\/\/lichtplanung-plus.de\/index.php?rest_route=\/wp\/v2\/pages\/642\/revisions\/643"}],"wp:attachment":[{"href":"https:\/\/lichtplanung-plus.de\/index.php?rest_route=%2Fwp%2Fv2%2Fmedia&parent=642"}],"curies":[{"name":"wp","href":"https:\/\/api.w.org\/{rel}","templated":true}]}}