{"id":25,"date":"2017-09-02T09:17:41","date_gmt":"2017-09-02T09:17:41","guid":{"rendered":"http:\/\/lichtplanung-plus.de\/?page_id=25"},"modified":"2017-09-10T17:56:33","modified_gmt":"2017-09-10T17:56:33","slug":"fassaden-garten-raumbeleuchtung","status":"publish","type":"page","link":"https:\/\/lichtplanung-plus.de\/?page_id=25","title":{"rendered":"Fassaden-, Garten &#038; Raumbeleuchtung"},"content":{"rendered":"<h1>Fassaden-, Garten &amp; Raumbeleuchtung<\/h1>\n<p>Licht ist ein fabelhaftes Wesen, es gestaltet, schafft Raum, l\u00e4dt zum Verweilen und Wohlf\u00fchlen ein, gibt Sicherheit, schenkt Freude, ist der Treibstoff f\u00fcr unseren K\u00f6rper und Seele\u2026 Schaffen Sie sich Ihren Raum, pr\u00e4sentieren Sie sich im neuen Licht und erleben Sie ein neues Wohn- Wohlgef\u00fchl. Dies Alles wird Ihr Leben bereichern, neue Impulse geben und Ihre Au\u00dfenwirkung vertiefen.<\/p>\n<p>Sie suchen die richtige Beleuchtung f\u00fcr Ihr Anwesen, Ihren Garten, Ihren Raum oder\u00a0eine beeindruckende Illumination auch tempor\u00e4r f\u00fcr Ihre Kirche, Ihr Event, \u00a0f\u00fcr spezielle Anl\u00e4sse, Kirchenjubil\u00e4en, Konzerte oder einfach nur, weil es so sch\u00f6n ist?<\/p>\n<p>Ich berate, plane und erstelle Ihr Beleuchtungskonzept.<\/p>\n<p>Ich \u00a0bieten Ihnen ein erfahrenes Team, dieses erstellt mittels moderner Software eine Lichtplanung f\u00fcr Ihr Objekt. Virtuell k\u00f6nnen Sie sich bereits jetzt verzaubern lassen.<\/p>\n<p>Der Entwurf wird in einer Probeinstallation umgesetzt, das Lichtkonzept wird somit greifbar und Sie erleben live wie Sie sich in Zukunft pr\u00e4sentieren, leben und wohlf\u00fchlen werden.<\/p>\n<p>Im Anschluss nehmen wir f\u00fcr Sie die Ausschreibung vor und betreuen die Ausf\u00fchrung, gemeinsam nehmen wir die Lichtinstallation in Betrieb.<\/p>\n","protected":false},"excerpt":{"rendered":"<p>Fassaden-, Garten &amp; Raumbeleuchtung Licht ist ein fabelhaftes Wesen, es gestaltet, schafft Raum, l\u00e4dt zum Verweilen und Wohlf\u00fchlen ein, gibt Sicherheit, schenkt Freude, ist der Treibstoff f\u00fcr unseren K\u00f6rper und Seele\u2026 Schaffen Sie sich Ihren Raum, pr\u00e4sentieren Sie sich im neuen Licht und erleben Sie ein neues Wohn- Wohlgef\u00fchl. Dies Alles wird Ihr Leben bereichern, &hellip; <\/p>\n<p class=\"link-more\"><a href=\"https:\/\/lichtplanung-plus.de\/?page_id=25\" class=\"more-link\"><span class=\"screen-reader-text\">\u201eFassaden-, Garten &#038; Raumbeleuchtung\u201c<\/span> weiterlesen<\/a><\/p>\n","protected":false},"author":1,"featured_media":0,"parent":0,"menu_order":100,"comment_status":"closed","ping_status":"closed","template":"","meta":{"footnotes":""},"class_list":["post-25","page","type-page","status-publish","hentry"],"_links":{"self":[{"href":"https:\/\/lichtplanung-plus.de\/index.php?rest_route=\/wp\/v2\/pages\/25","targetHints":{"allow":["GET"]}}],"collection":[{"href":"https:\/\/lichtplanung-plus.de\/index.php?rest_route=\/wp\/v2\/pages"}],"about":[{"href":"https:\/\/lichtplanung-plus.de\/index.php?rest_route=\/wp\/v2\/types\/page"}],"author":[{"embeddable":true,"href":"https:\/\/lichtplanung-plus.de\/index.php?rest_route=\/wp\/v2\/users\/1"}],"replies":[{"embeddable":true,"href":"https:\/\/lichtplanung-plus.de\/index.php?rest_route=%2Fwp%2Fv2%2Fcomments&post=25"}],"version-history":[{"count":3,"href":"https:\/\/lichtplanung-plus.de\/index.php?rest_route=\/wp\/v2\/pages\/25\/revisions"}],"predecessor-version":[{"id":148,"href":"https:\/\/lichtplanung-plus.de\/index.php?rest_route=\/wp\/v2\/pages\/25\/revisions\/148"}],"wp:attachment":[{"href":"https:\/\/lichtplanung-plus.de\/index.php?rest_route=%2Fwp%2Fv2%2Fmedia&parent=25"}],"curies":[{"name":"wp","href":"https:\/\/api.w.org\/{rel}","templated":true}]}}