{"id":21,"date":"2017-09-02T09:15:17","date_gmt":"2017-09-02T09:15:17","guid":{"rendered":"http:\/\/lichtplanung-plus.de\/?page_id=21"},"modified":"2017-09-03T09:40:08","modified_gmt":"2017-09-03T09:40:08","slug":"anfahrtsskizze","status":"publish","type":"page","link":"https:\/\/lichtplanung-plus.de\/?page_id=21","title":{"rendered":"Anfahrtsskizze"},"content":{"rendered":"<p>&nbsp;<\/p>\n<h2>So finden Sie mich<\/h2>\n<p>Virtuell haben Sie den Weg zu mir schon gefunden. Das freut mich nat\u00fcrlich. Damit Sie mich auch ganz reell besuchen k\u00f6nnen, halten ich hier eine Anfahrtsskizze f\u00fcr Sie bereit.<\/p>\n<p>Bitte beachten Sie, dass eine Terminvereinbarung vorab n\u00f6tig ist.<\/p>\n<p><iframe loading=\"lazy\" style=\"border: 0;\" src=\"https:\/\/www.google.com\/maps\/embed?pb=!1m18!1m12!1m3!1d2553.173939281457!2d11.384121316227528!3d50.21396997944344!2m3!1f0!2f0!3f0!3m2!1i1024!2i768!4f13.1!3m3!1m2!1s0x47a17a3ad2f15405%3A0xde6593f37b2d4a6e!2sTauschendorf+4%2C+96317+Kronach!5e0!3m2!1sde!2sde!4v1484258393375\" width=\"600\" height=\"450\" frameborder=\"0\" allowfullscreen=\"allowfullscreen\"><\/iframe><\/p>\n","protected":false},"excerpt":{"rendered":"<p>&nbsp; So finden Sie mich Virtuell haben Sie den Weg zu mir schon gefunden. Das freut mich nat\u00fcrlich. Damit Sie mich auch ganz reell besuchen k\u00f6nnen, halten ich hier eine Anfahrtsskizze f\u00fcr Sie bereit. Bitte beachten Sie, dass eine Terminvereinbarung vorab n\u00f6tig ist.<\/p>\n","protected":false},"author":1,"featured_media":0,"parent":0,"menu_order":998,"comment_status":"closed","ping_status":"closed","template":"","meta":{"footnotes":""},"class_list":["post-21","page","type-page","status-publish","hentry"],"_links":{"self":[{"href":"https:\/\/lichtplanung-plus.de\/index.php?rest_route=\/wp\/v2\/pages\/21","targetHints":{"allow":["GET"]}}],"collection":[{"href":"https:\/\/lichtplanung-plus.de\/index.php?rest_route=\/wp\/v2\/pages"}],"about":[{"href":"https:\/\/lichtplanung-plus.de\/index.php?rest_route=\/wp\/v2\/types\/page"}],"author":[{"embeddable":true,"href":"https:\/\/lichtplanung-plus.de\/index.php?rest_route=\/wp\/v2\/users\/1"}],"replies":[{"embeddable":true,"href":"https:\/\/lichtplanung-plus.de\/index.php?rest_route=%2Fwp%2Fv2%2Fcomments&post=21"}],"version-history":[{"count":4,"href":"https:\/\/lichtplanung-plus.de\/index.php?rest_route=\/wp\/v2\/pages\/21\/revisions"}],"predecessor-version":[{"id":141,"href":"https:\/\/lichtplanung-plus.de\/index.php?rest_route=\/wp\/v2\/pages\/21\/revisions\/141"}],"wp:attachment":[{"href":"https:\/\/lichtplanung-plus.de\/index.php?rest_route=%2Fwp%2Fv2%2Fmedia&parent=21"}],"curies":[{"name":"wp","href":"https:\/\/api.w.org\/{rel}","templated":true}]}}