{"id":149,"date":"2017-09-07T11:59:40","date_gmt":"2017-09-07T11:59:40","guid":{"rendered":"http:\/\/lichtplanung-plus.de\/?page_id=149"},"modified":"2019-11-13T14:48:56","modified_gmt":"2019-11-13T14:48:56","slug":"temporaer-lichtinstallationen","status":"publish","type":"page","link":"https:\/\/lichtplanung-plus.de\/?page_id=149","title":{"rendered":"tempor\u00e4re Lichtinstallationen"},"content":{"rendered":"<h1>tempor\u00e4re Lichtinstallationen<\/h1>\n<p>F\u00fcr Ihre Veranstaltung, Ihr Fest, Ihr Jubil\u00e4um, Ihren besonderen Anlass entwerfen und gestalten wir Ihr Lichtkonzept.<\/p>\n<p>Dieses kann &nbsp;einzelne Geb\u00e4ude, eine H\u00e4userzeile, die umgebenden G\u00e4rten bis hin zu Parkanlagen als Beispiel umfassen.<\/p>\n<p>Wir setzen Ihr Geb\u00e4ude f\u00fcr eine Nacht, eine Woche oder ?? in das beste Licht und umrahmen Ihre Veranstaltung mit einer hochwertigen Fassadenbeleuchtung. Diese geht auf die Architektur- und Formensprache des Geb\u00e4udes ein, schafft Pl\u00e4tze zum wohlf\u00fchlen, verweilen, der Freude und des Staunens.<\/p>\n<p>Alle tempor\u00e4ren Installationen erm\u00f6glichen eine sp\u00e4tere Umsetzung als Festinstallation und zeigen somit Beispiele auf.<\/p>\n<p>Wir freuen uns auf Ihren Anruf +49 9261 3082895 oder per Mail<\/p>\n<p>[contact-form to=&#8220;plan@lichtplanung-plus.de&#8220;][contact-field label=&#8220;Name&#8220; type=&#8220;name&#8220; required=&#8220;1&#8243; \/][contact-field label=&#8220;Email&#8220; type=&#8220;email&#8220; required=&#8220;1&#8243; \/][contact-field label=&#8220;Website&#8220; type=&#8220;url&#8220; \/][contact-field label=&#8220;Nachricht&#8220; type=&#8220;textarea&#8220; required=&#8220;1&#8243; \/][\/contact-form]<\/p>\n<p><img loading=\"lazy\" decoding=\"async\" class=\"alignnone size-full wp-image-72\" src=\"https:\/\/lichtplanung-plus.de\/wp-content\/uploads\/2017\/09\/Kirche-Veitlahm-lichtplanung-plus.de-Foto-Stefan-Amm-3.jpg\" alt=\"Kirche Veitlahm-lichtplanung-plus.de-Foto Stefan Amm (3)\" width=\"683\" height=\"1024\" srcset=\"https:\/\/lichtplanung-plus.de\/wp-content\/uploads\/2017\/09\/Kirche-Veitlahm-lichtplanung-plus.de-Foto-Stefan-Amm-3.jpg 683w, https:\/\/lichtplanung-plus.de\/wp-content\/uploads\/2017\/09\/Kirche-Veitlahm-lichtplanung-plus.de-Foto-Stefan-Amm-3-200x300.jpg 200w\" sizes=\"auto, (max-width: 683px) 100vw, 683px\" \/><\/p>\n<p>&nbsp;<\/p>\n<p>&nbsp;<\/p>\n","protected":false},"excerpt":{"rendered":"<p>tempor\u00e4re Lichtinstallationen F\u00fcr Ihre Veranstaltung, Ihr Fest, Ihr Jubil\u00e4um, Ihren besonderen Anlass entwerfen und gestalten wir Ihr Lichtkonzept. Dieses kann &nbsp;einzelne Geb\u00e4ude, eine H\u00e4userzeile, die umgebenden G\u00e4rten bis hin zu Parkanlagen als Beispiel umfassen. Wir setzen Ihr Geb\u00e4ude f\u00fcr eine Nacht, eine Woche oder ?? in das beste Licht und umrahmen Ihre Veranstaltung mit einer &hellip; <\/p>\n<p class=\"link-more\"><a href=\"https:\/\/lichtplanung-plus.de\/?page_id=149\" class=\"more-link\"><span class=\"screen-reader-text\">\u201etempor\u00e4re Lichtinstallationen\u201c<\/span> weiterlesen<\/a><\/p>\n","protected":false},"author":1,"featured_media":0,"parent":0,"menu_order":0,"comment_status":"closed","ping_status":"closed","template":"","meta":{"footnotes":""},"class_list":["post-149","page","type-page","status-publish","hentry"],"_links":{"self":[{"href":"https:\/\/lichtplanung-plus.de\/index.php?rest_route=\/wp\/v2\/pages\/149","targetHints":{"allow":["GET"]}}],"collection":[{"href":"https:\/\/lichtplanung-plus.de\/index.php?rest_route=\/wp\/v2\/pages"}],"about":[{"href":"https:\/\/lichtplanung-plus.de\/index.php?rest_route=\/wp\/v2\/types\/page"}],"author":[{"embeddable":true,"href":"https:\/\/lichtplanung-plus.de\/index.php?rest_route=\/wp\/v2\/users\/1"}],"replies":[{"embeddable":true,"href":"https:\/\/lichtplanung-plus.de\/index.php?rest_route=%2Fwp%2Fv2%2Fcomments&post=149"}],"version-history":[{"count":26,"href":"https:\/\/lichtplanung-plus.de\/index.php?rest_route=\/wp\/v2\/pages\/149\/revisions"}],"predecessor-version":[{"id":846,"href":"https:\/\/lichtplanung-plus.de\/index.php?rest_route=\/wp\/v2\/pages\/149\/revisions\/846"}],"wp:attachment":[{"href":"https:\/\/lichtplanung-plus.de\/index.php?rest_route=%2Fwp%2Fv2%2Fmedia&parent=149"}],"curies":[{"name":"wp","href":"https:\/\/api.w.org\/{rel}","templated":true}]}}